{"id":2585,"date":"2025-01-17T16:20:25","date_gmt":"2025-01-17T15:20:25","guid":{"rendered":"https:\/\/msid.eu\/?page_id=2585"},"modified":"2025-05-06T09:24:52","modified_gmt":"2025-05-06T07:24:52","slug":"email","status":"publish","type":"page","link":"https:\/\/msid.eu\/index.php\/email\/","title":{"rendered":"Email"},"content":{"rendered":"\t\t<div data-elementor-type=\"wp-post\" data-elementor-id=\"2585\" class=\"elementor elementor-2585\">\n\t\t\t\t\t\t<section class=\"elementor-section elementor-top-section elementor-element elementor-element-463eb549 elementor-section-boxed elementor-section-height-default elementor-section-height-default\" data-id=\"463eb549\" data-element_type=\"section\" data-e-type=\"section\" data-settings=\"{&quot;background_background&quot;:&quot;classic&quot;}\">\n\t\t\t\t\t\t\t<div class=\"elementor-background-overlay\"><\/div>\n\t\t\t\t\t\t\t<div class=\"elementor-container elementor-column-gap-no\">\n\t\t\t\t\t<div class=\"elementor-column elementor-col-100 elementor-top-column elementor-element elementor-element-42c45cce\" data-id=\"42c45cce\" data-element_type=\"column\" data-e-type=\"column\" data-settings=\"{&quot;background_background&quot;:&quot;classic&quot;}\">\n\t\t\t<div class=\"elementor-widget-wrap elementor-element-populated\">\n\t\t\t\t\t\t<div class=\"elementor-element elementor-element-3f97f4e elementor-widget elementor-widget-heading\" data-id=\"3f97f4e\" data-element_type=\"widget\" data-e-type=\"widget\" data-widget_type=\"heading.default\">\n\t\t\t\t<div class=\"elementor-widget-container\">\n\t\t\t\t\t<h1 class=\"elementor-heading-title elementor-size-default\">Email - Office365<\/h1>\t\t\t\t<\/div>\n\t\t\t\t<\/div>\n\t\t\t\t\t<\/div>\n\t\t<\/div>\n\t\t\t\t\t<\/div>\n\t\t<\/section>\n\t\t\t\t<section class=\"elementor-section elementor-top-section elementor-element elementor-element-45635ef4 elementor-section-content-middle elementor-section-boxed elementor-section-height-default elementor-section-height-default\" data-id=\"45635ef4\" data-element_type=\"section\" data-e-type=\"section\">\n\t\t\t\t\t\t<div class=\"elementor-container elementor-column-gap-no\">\n\t\t\t\t\t<div class=\"elementor-column elementor-col-100 elementor-top-column elementor-element elementor-element-17d8e6b1\" data-id=\"17d8e6b1\" data-element_type=\"column\" data-e-type=\"column\">\n\t\t\t<div class=\"elementor-widget-wrap elementor-element-populated\">\n\t\t\t\t\t\t<div class=\"elementor-element elementor-element-46635b8c elementor-widget elementor-widget-heading\" data-id=\"46635b8c\" data-element_type=\"widget\" data-e-type=\"widget\" data-widget_type=\"heading.default\">\n\t\t\t\t<div class=\"elementor-widget-container\">\n\t\t\t\t\t<h2 class=\"elementor-heading-title elementor-size-default\">Am\u00e9liorez l\u2019identit\u00e9 de votre entreprise sur internet.<\/h2>\t\t\t\t<\/div>\n\t\t\t\t<\/div>\n\t\t\t\t<div class=\"elementor-element elementor-element-25248051 elementor-widget elementor-widget-text-editor\" data-id=\"25248051\" data-element_type=\"widget\" data-e-type=\"widget\" data-widget_type=\"text-editor.default\">\n\t\t\t\t<div class=\"elementor-widget-container\">\n\t\t\t\t\t\t\t\t\t<p>Votre adresse email repr\u00e9sente \u00e0 la fois votre identit\u00e9 en ligne et un outil cl\u00e9 de communication marketing. Renforcez votre image professionnelle gr\u00e2ce \u00e0 une adresse email personnalis\u00e9e, bas\u00e9e sur votre propre nom de domaine. Offrez \u00e0 votre marque et \u00e0 votre site web une cr\u00e9dibilit\u00e9 instantan\u00e9e tout en inspirant confiance \u00e0 vos clients potentiels.<\/p>\t\t\t\t\t\t\t\t<\/div>\n\t\t\t\t<\/div>\n\t\t\t\t\t<\/div>\n\t\t<\/div>\n\t\t\t\t\t<\/div>\n\t\t<\/section>\n\t\t\t\t<section class=\"elementor-section elementor-top-section elementor-element elementor-element-7809a20 elementor-section-boxed elementor-section-height-default elementor-section-height-default\" data-id=\"7809a20\" data-element_type=\"section\" data-e-type=\"section\">\n\t\t\t\t\t\t<div class=\"elementor-container elementor-column-gap-default\">\n\t\t\t\t\t<div class=\"elementor-column elementor-col-33 elementor-top-column elementor-element elementor-element-96ea141\" data-id=\"96ea141\" data-element_type=\"column\" data-e-type=\"column\">\n\t\t\t<div class=\"elementor-widget-wrap elementor-element-populated\">\n\t\t\t\t\t\t<div class=\"elementor-element elementor-element-ed5db0f elementor-widget elementor-widget-pricing_table\" data-id=\"ed5db0f\" data-element_type=\"widget\" data-e-type=\"widget\" data-widget_type=\"pricing_table.default\">\n\t\t\t\t<div class=\"elementor-widget-container\">\n\t\t\t\t\t\r\n        \r\n        <div class=\"pte-pricing-table-container\">\r\n\r\n            \r\n            <div class=\"pricing-table-elementor-widget style-1\">\r\n\r\n                \r\n                    \r\n                                            <div class=\"main-icon\">\r\n                            <span>\r\n                                <i aria-hidden=\"true\" class=\"fas fa-mail-bulk\"><\/i>                            <\/span>\r\n                        <\/div>\r\n                    \r\n                    <div class='package'>\r\n                        Email PRO                    <\/div>\r\n\r\n                                            <div class='description'>\r\n                            <p>Adresses emails avec 15 Go, personnalis\u00e9es li\u00e9es \u00e0 votre nom de domaine. Prot\u00e9g\u00e9es d'un antivirus\/antispam, consultables depuis un webmail ou n'importe quel client logiciel (Outlook, Thunderbird).<\/p>                        <\/div>\r\n                    \r\n                    <div class=\"pricing\">\r\n                        <span class=\"price\">\r\n                            35 \u20ac ht                        <\/span>\r\n                                                    <span class=\"duration\">\r\n                                \/ an                            <\/span>\r\n                                            <\/div>\r\n\r\n                    <div class=\"features\">\r\n                                                    <div class=\"included\">\r\n                                                                    <div class=\"item\">\r\n                                                                                    <div class=\"icon\">\r\n                                                <span>\r\n                                                    <i aria-hidden=\"true\" class=\"fas fa-compact-disc\"><\/i>                                                <\/span>\r\n                                            <\/div>\r\n                                                                                <div class=\"text\">\r\n                                            <div class=\"heading\">\r\n                                                Stockage de 15 Go                                            <\/div>\r\n                                            <div class=\"description\">\r\n                                                                                            <\/div>\r\n                                        <\/div>\r\n                                    <\/div>\r\n                                                                    <div class=\"item\">\r\n                                                                                    <div class=\"icon\">\r\n                                                <span>\r\n                                                    <i aria-hidden=\"true\" class=\"fas fa-location-arrow\"><\/i>                                                <\/span>\r\n                                            <\/div>\r\n                                                                                <div class=\"text\">\r\n                                            <div class=\"heading\">\r\n                                                Donn\u00e9es h\u00e9berg\u00e9es en France                                            <\/div>\r\n                                            <div class=\"description\">\r\n                                                                                            <\/div>\r\n                                        <\/div>\r\n                                    <\/div>\r\n                                                                    <div class=\"item\">\r\n                                                                                    <div class=\"icon\">\r\n                                                <span>\r\n                                                    <i aria-hidden=\"true\" class=\"fas fa-cloud-upload-alt\"><\/i>                                                <\/span>\r\n                                            <\/div>\r\n                                                                                <div class=\"text\">\r\n                                            <div class=\"heading\">\r\n                                                Disponibilit\u00e9 99,99 %                                            <\/div>\r\n                                            <div class=\"description\">\r\n                                                                                            <\/div>\r\n                                        <\/div>\r\n                                    <\/div>\r\n                                                            <\/div>\r\n                                            <\/div>\r\n\r\n                    \r\n                \r\n                \r\n                \r\n            <\/div>\r\n\r\n        <\/div>\r\n\r\n        \t\t\t\t<\/div>\n\t\t\t\t<\/div>\n\t\t\t\t\t<\/div>\n\t\t<\/div>\n\t\t\t\t<div class=\"elementor-column elementor-col-33 elementor-top-column elementor-element elementor-element-d3d3b42\" data-id=\"d3d3b42\" data-element_type=\"column\" data-e-type=\"column\">\n\t\t\t<div class=\"elementor-widget-wrap elementor-element-populated\">\n\t\t\t\t\t\t<div class=\"elementor-element elementor-element-ad71743 elementor-widget elementor-widget-pricing_table\" data-id=\"ad71743\" data-element_type=\"widget\" data-e-type=\"widget\" data-widget_type=\"pricing_table.default\">\n\t\t\t\t<div class=\"elementor-widget-container\">\n\t\t\t\t\t\r\n        \r\n        <div class=\"pte-pricing-table-container\">\r\n\r\n            \r\n            <div class=\"pricing-table-elementor-widget style-1\">\r\n\r\n                \r\n                                            <div class=\"badge\">\r\n                            Best-seller                        <\/div>\r\n                    \r\n                                            <div class=\"main-icon\">\r\n                            <span>\r\n                                <i aria-hidden=\"true\" class=\"fas fa-mail-bulk\"><\/i>                            <\/span>\r\n                        <\/div>\r\n                    \r\n                    <div class='package'>\r\n                        Email Exchange                    <\/div>\r\n\r\n                                            <div class='description'>\r\n                            <p>Adresses emails personnalis\u00e9es li\u00e9es \u00e0 votre nom de domaine. Prot\u00e9g\u00e9es par l'antivirus\/l'antispam de base de microsoft 365, consultables depuis un webmail ou n'importe quel client logiciel.<\/p>                        <\/div>\r\n                    \r\n                    <div class=\"pricing\">\r\n                        <span class=\"price\">\r\n                            44.4 \u20ac ht                        <\/span>\r\n                                                    <span class=\"duration\">\r\n                                \/ an                            <\/span>\r\n                                            <\/div>\r\n\r\n                    <div class=\"features\">\r\n                                                    <div class=\"included\">\r\n                                                                    <div class=\"item\">\r\n                                                                                    <div class=\"icon\">\r\n                                                <span>\r\n                                                    <i aria-hidden=\"true\" class=\"fas fa-compact-disc\"><\/i>                                                <\/span>\r\n                                            <\/div>\r\n                                                                                <div class=\"text\">\r\n                                            <div class=\"heading\">\r\n                                                Stockage de 50 Go                                            <\/div>\r\n                                            <div class=\"description\">\r\n                                                                                            <\/div>\r\n                                        <\/div>\r\n                                    <\/div>\r\n                                                                    <div class=\"item\">\r\n                                                                                    <div class=\"icon\">\r\n                                                <span>\r\n                                                    <i aria-hidden=\"true\" class=\"fas fa-cloud-upload-alt\"><\/i>                                                <\/span>\r\n                                            <\/div>\r\n                                                                                <div class=\"text\">\r\n                                            <div class=\"heading\">\r\n                                                Disponibilit\u00e9 99,99 %                                            <\/div>\r\n                                            <div class=\"description\">\r\n                                                                                            <\/div>\r\n                                        <\/div>\r\n                                    <\/div>\r\n                                                                    <div class=\"item\">\r\n                                                                                    <div class=\"icon\">\r\n                                                <span>\r\n                                                    <i aria-hidden=\"true\" class=\"fas fa-archive\"><\/i>                                                <\/span>\r\n                                            <\/div>\r\n                                                                                <div class=\"text\">\r\n                                            <div class=\"heading\">\r\n                                                Stockage sur la bo\u00eete mail d\u2019archivage 50Go                                            <\/div>\r\n                                            <div class=\"description\">\r\n                                                                                            <\/div>\r\n                                        <\/div>\r\n                                    <\/div>\r\n                                                            <\/div>\r\n                                            <\/div>\r\n\r\n                    \r\n                \r\n                \r\n                \r\n            <\/div>\r\n\r\n        <\/div>\r\n\r\n        \t\t\t\t<\/div>\n\t\t\t\t<\/div>\n\t\t\t\t\t<\/div>\n\t\t<\/div>\n\t\t\t\t<div class=\"elementor-column elementor-col-33 elementor-top-column elementor-element elementor-element-116964e\" data-id=\"116964e\" data-element_type=\"column\" data-e-type=\"column\">\n\t\t\t<div class=\"elementor-widget-wrap elementor-element-populated\">\n\t\t\t\t\t\t<div class=\"elementor-element elementor-element-fca7c43 elementor-widget elementor-widget-pricing_table\" data-id=\"fca7c43\" data-element_type=\"widget\" data-e-type=\"widget\" data-widget_type=\"pricing_table.default\">\n\t\t\t\t<div class=\"elementor-widget-container\">\n\t\t\t\t\t\r\n        \r\n        <div class=\"pte-pricing-table-container\">\r\n\r\n            \r\n            <div class=\"pricing-table-elementor-widget style-1\">\r\n\r\n                \r\n                    \r\n                                            <div class=\"main-icon\">\r\n                            <span>\r\n                                <i aria-hidden=\"true\" class=\"fas fa-mail-bulk\"><\/i>                            <\/span>\r\n                        <\/div>\r\n                    \r\n                    <div class='package'>\r\n                        Email Exchange                    <\/div>\r\n\r\n                                            <div class='description'>\r\n                            <p>Adresses emails personnalis\u00e9es. Protection avanc\u00e9e contre le courrier ind\u00e9sirable avec Exchange Online Protection (EOP) de microsoft 365, consultables depuis un webmail ou n'importe quel client logiciel.<\/p>                        <\/div>\r\n                    \r\n                    <div class=\"pricing\">\r\n                        <span class=\"price\">\r\n                            90 \u20ac ht                        <\/span>\r\n                                                    <span class=\"duration\">\r\n                                \/ an                            <\/span>\r\n                                            <\/div>\r\n\r\n                    <div class=\"features\">\r\n                                                    <div class=\"included\">\r\n                                                                    <div class=\"item\">\r\n                                                                                    <div class=\"icon\">\r\n                                                <span>\r\n                                                    <i aria-hidden=\"true\" class=\"fas fa-compact-disc\"><\/i>                                                <\/span>\r\n                                            <\/div>\r\n                                                                                <div class=\"text\">\r\n                                            <div class=\"heading\">\r\n                                                Stockage de 100 Go                                            <\/div>\r\n                                            <div class=\"description\">\r\n                                                                                            <\/div>\r\n                                        <\/div>\r\n                                    <\/div>\r\n                                                                    <div class=\"item\">\r\n                                                                                    <div class=\"icon\">\r\n                                                <span>\r\n                                                    <i aria-hidden=\"true\" class=\"fas fa-cloud-upload-alt\"><\/i>                                                <\/span>\r\n                                            <\/div>\r\n                                                                                <div class=\"text\">\r\n                                            <div class=\"heading\">\r\n                                                Disponibilit\u00e9 99,99 %                                            <\/div>\r\n                                            <div class=\"description\">\r\n                                                                                            <\/div>\r\n                                        <\/div>\r\n                                    <\/div>\r\n                                                                    <div class=\"item\">\r\n                                                                                    <div class=\"icon\">\r\n                                                <span>\r\n                                                    <i aria-hidden=\"true\" class=\"fas fa-archive\"><\/i>                                                <\/span>\r\n                                            <\/div>\r\n                                                                                <div class=\"text\">\r\n                                            <div class=\"heading\">\r\n                                                Stockage sur la bo\u00eete mail d\u2019archivage illimit\u00e9                                            <\/div>\r\n                                            <div class=\"description\">\r\n                                                                                            <\/div>\r\n                                        <\/div>\r\n                                    <\/div>\r\n                                                            <\/div>\r\n                                            <\/div>\r\n\r\n                    \r\n                \r\n                \r\n                \r\n            <\/div>\r\n\r\n        <\/div>\r\n\r\n        \t\t\t\t<\/div>\n\t\t\t\t<\/div>\n\t\t\t\t\t<\/div>\n\t\t<\/div>\n\t\t\t\t\t<\/div>\n\t\t<\/section>\n\t\t\t\t<\/div>\n\t\t","protected":false},"excerpt":{"rendered":"<p>Email &#8211; Office365 Am\u00e9liorez l\u2019identit\u00e9 de votre entreprise sur internet. Votre adresse email repr\u00e9sente \u00e0 la fois votre identit\u00e9 en ligne et un outil cl\u00e9 de communication marketing. Renforcez votre image professionnelle gr\u00e2ce \u00e0 une adresse email personnalis\u00e9e, bas\u00e9e sur votre propre nom de domaine. Offrez \u00e0 votre marque et \u00e0 votre site web une [&hellip;]<\/p>\n","protected":false},"author":1,"featured_media":0,"parent":0,"menu_order":0,"comment_status":"closed","ping_status":"closed","template":"","meta":{"om_disable_all_campaigns":false,"_monsterinsights_skip_tracking":false,"_monsterinsights_sitenote_active":false,"_monsterinsights_sitenote_note":"","_monsterinsights_sitenote_category":0,"site-sidebar-layout":"no-sidebar","site-content-layout":"page-builder","ast-site-content-layout":"full-width-container","site-content-style":"unboxed","site-sidebar-style":"unboxed","ast-global-header-display":"","ast-banner-title-visibility":"","ast-main-header-display":"","ast-hfb-above-header-display":"","ast-hfb-below-header-display":"","ast-hfb-mobile-header-display":"","site-post-title":"disabled","ast-breadcrumbs-content":"","ast-featured-img":"disabled","footer-sml-layout":"","ast-disable-related-posts":"","theme-transparent-header-meta":"enabled","adv-header-id-meta":"","stick-header-meta":"","header-above-stick-meta":"","header-main-stick-meta":"","header-below-stick-meta":"","astra-migrate-meta-layouts":"set","ast-page-background-enabled":"default","ast-page-background-meta":{"desktop":{"background-color":"","background-image":"","background-repeat":"repeat","background-position":"center center","background-size":"auto","background-attachment":"scroll","background-type":"","background-media":"","overlay-type":"","overlay-color":"","overlay-opacity":"","overlay-gradient":""},"tablet":{"background-color":"","background-image":"","background-repeat":"repeat","background-position":"center center","background-size":"auto","background-attachment":"scroll","background-type":"","background-media":"","overlay-type":"","overlay-color":"","overlay-opacity":"","overlay-gradient":""},"mobile":{"background-color":"","background-image":"","background-repeat":"repeat","background-position":"center center","background-size":"auto","background-attachment":"scroll","background-type":"","background-media":"","overlay-type":"","overlay-color":"","overlay-opacity":"","overlay-gradient":""}},"ast-content-background-meta":{"desktop":{"background-color":"var(--ast-global-color-5)","background-image":"","background-repeat":"repeat","background-position":"center center","background-size":"auto","background-attachment":"scroll","background-type":"","background-media":"","overlay-type":"","overlay-color":"","overlay-opacity":"","overlay-gradient":""},"tablet":{"background-color":"var(--ast-global-color-5)","background-image":"","background-repeat":"repeat","background-position":"center center","background-size":"auto","background-attachment":"scroll","background-type":"","background-media":"","overlay-type":"","overlay-color":"","overlay-opacity":"","overlay-gradient":""},"mobile":{"background-color":"var(--ast-global-color-5)","background-image":"","background-repeat":"repeat","background-position":"center center","background-size":"auto","background-attachment":"scroll","background-type":"","background-media":"","overlay-type":"","overlay-color":"","overlay-opacity":"","overlay-gradient":""}},"footnotes":""},"class_list":["post-2585","page","type-page","status-publish","hentry"],"aioseo_notices":[],"_links":{"self":[{"href":"https:\/\/msid.eu\/index.php\/wp-json\/wp\/v2\/pages\/2585","targetHints":{"allow":["GET"]}}],"collection":[{"href":"https:\/\/msid.eu\/index.php\/wp-json\/wp\/v2\/pages"}],"about":[{"href":"https:\/\/msid.eu\/index.php\/wp-json\/wp\/v2\/types\/page"}],"author":[{"embeddable":true,"href":"https:\/\/msid.eu\/index.php\/wp-json\/wp\/v2\/users\/1"}],"replies":[{"embeddable":true,"href":"https:\/\/msid.eu\/index.php\/wp-json\/wp\/v2\/comments?post=2585"}],"version-history":[{"count":40,"href":"https:\/\/msid.eu\/index.php\/wp-json\/wp\/v2\/pages\/2585\/revisions"}],"predecessor-version":[{"id":3113,"href":"https:\/\/msid.eu\/index.php\/wp-json\/wp\/v2\/pages\/2585\/revisions\/3113"}],"wp:attachment":[{"href":"https:\/\/msid.eu\/index.php\/wp-json\/wp\/v2\/media?parent=2585"}],"curies":[{"name":"wp","href":"https:\/\/api.w.org\/{rel}","templated":true}]}}